{"id":14,"date":"2018-01-13T12:10:33","date_gmt":"2018-01-13T10:10:33","guid":{"rendered":"https:\/\/www.itpoint.fi\/?page_id=14"},"modified":"2018-11-09T12:34:59","modified_gmt":"2018-11-09T10:34:59","slug":"saapuvien-postien-turvaaminen","status":"publish","type":"page","link":"https:\/\/www.itpoint.fi\/suojaposti\/palvelut\/saapuvien-postien-turvaaminen\/","title":{"rendered":"Saapuvien postien turvaaminen"},"content":{"rendered":"<p>Suojaposti nimens\u00e4 muikaisesti suojaa yrityst\u00e4 ja sen toimihenkil\u00f6it\u00e4 verkkorikollisuudelta. Palvelun avulla varmistat oikean s\u00e4hk\u00f6postiliikenteen kulkemisen ja torjut haitta- ja hy\u00f6kk\u00e4ys ohjelmat sek\u00e4 roskapostit. N\u00e4ist\u00e4 palautuu virheilmoitus takaisin kyseisen postin oikealle l\u00e4hett\u00e4j\u00e4lle. Suojaposti suojaa yrityst\u00e4 my\u00f6s kybertunkeutumiselta.<\/p>\n<h3>Nosta tietoturvatasoa helposti<\/h3>\n<p>Useiden tutkimusten mukaan juuri loppuk\u00e4ytt\u00e4j\u00e4 on tietoturvaketjun heikoin lenkki. Suojaposti ei siirr\u00e4 tietoturvasta huolehtimista loppuk\u00e4ytt\u00e4jille. N\u00e4in loppuk\u00e4ytt\u00e4j\u00e4ll\u00e4 ei ole huolta roskapostista ja yrityksen tietoturvatasoa nousee kun\u00a0riskienhallinta saadaan minimoitua.<\/p>\n<p>Samalla Suojaposti salaa liikenteen ja varmistaa s\u00e4hk\u00f6postiliikenteen mahdollisissa palvelimen h\u00e4iri\u00f6tilanteissa.<\/p>\n<h3>Suojapostin k\u00e4ytt\u00f6\u00f6notto<\/h3>\n<p>Suojapostin k\u00e4ytt\u00f6\u00f6notto ei vaadi asiakkaalta mit\u00e4\u00e4n erillistoimenpiteit\u00e4, vaan palvelu kytket\u00e4\u00e4n operaattoritasolla MX tietueiden m\u00e4\u00e4rityksell\u00e4. Toimintamalli on ennaltaehk\u00e4isev\u00e4: se pys\u00e4ytt\u00e4\u00e4 verkkouhat jo ennen kuin edes tulisivat asiakkaan s\u00e4hk\u00f6postij\u00e4rjestelm\u00e4lle.<\/p>\n<h3>Suojapostin hy\u00f6dyt<\/h3>\n<ul>\n<li>Kohottaa tietoturvatasoa kokonaisuutena<\/li>\n<li>Parantaa kilpailukyky\u00e4<\/li>\n<li>Vaivaton k\u00e4ytt\u00f6\u00f6notto<\/li>\n<li>Tuo v\u00e4litt\u00f6mi\u00e4 kokonaiskustannuss\u00e4\u00e4st\u00f6j\u00e4<\/li>\n<li>Vapauttaa loppuasiakkaan resursseja<\/li>\n<li>Suojaa kaikki p\u00e4\u00e4telaitteet kerralla<\/li>\n<\/ul>\n","protected":false},"excerpt":{"rendered":"<p>Suojaposti nimens\u00e4 muikaisesti suojaa yrityst\u00e4 ja sen toimihenkil\u00f6it\u00e4 verkkorikollisuudelta. Palvelun avulla varmistat oikean s\u00e4hk\u00f6postiliikenteen kulkemisen ja torjut haitta- ja hy\u00f6kk\u00e4ys ohjelmat sek\u00e4 roskapostit. N\u00e4ist\u00e4 palautuu virheilmoitus takaisin kyseisen postin oikealle l\u00e4hett\u00e4j\u00e4lle. Suojaposti suojaa yrityst\u00e4 my\u00f6s kybertunkeutumiselta. Nosta tietoturvatasoa helposti Useiden tutkimusten mukaan juuri loppuk\u00e4ytt\u00e4j\u00e4 on tietoturvaketjun heikoin lenkki. Suojaposti ei siirr\u00e4 tietoturvasta huolehtimista loppuk\u00e4ytt\u00e4jille. N\u00e4in&hellip;<\/p>\n","protected":false},"author":3,"featured_media":226,"parent":8,"menu_order":2,"comment_status":"closed","ping_status":"closed","template":"","meta":{"_acf_changed":false,"footnotes":""},"class_list":["post-14","page","type-page","status-publish","has-post-thumbnail","hentry"],"acf":[],"yoast_head":"<!-- This site is optimized with the Yoast SEO plugin v27.4 - https:\/\/yoast.com\/product\/yoast-seo-wordpress\/ -->\n<title>Saapuvien postien turvaaminen - Suojaposti<\/title>\n<meta name=\"robots\" content=\"index, follow, max-snippet:-1, max-image-preview:large, max-video-preview:-1\" \/>\n<link rel=\"canonical\" href=\"https:\/\/www.itpoint.fi\/suojaposti\/palvelut\/saapuvien-postien-turvaaminen\/\" \/>\n<meta property=\"og:locale\" content=\"fi_FI\" \/>\n<meta property=\"og:type\" content=\"article\" \/>\n<meta property=\"og:title\" content=\"Saapuvien postien turvaaminen - Suojaposti\" \/>\n<meta property=\"og:description\" content=\"Suojaposti nimens\u00e4 muikaisesti suojaa yrityst\u00e4 ja sen toimihenkil\u00f6it\u00e4 verkkorikollisuudelta. Palvelun avulla varmistat oikean s\u00e4hk\u00f6postiliikenteen kulkemisen ja torjut haitta- ja hy\u00f6kk\u00e4ys ohjelmat sek\u00e4 roskapostit. N\u00e4ist\u00e4 palautuu virheilmoitus takaisin kyseisen postin oikealle l\u00e4hett\u00e4j\u00e4lle. Suojaposti suojaa yrityst\u00e4 my\u00f6s kybertunkeutumiselta. Nosta tietoturvatasoa helposti Useiden tutkimusten mukaan juuri loppuk\u00e4ytt\u00e4j\u00e4 on tietoturvaketjun heikoin lenkki. Suojaposti ei siirr\u00e4 tietoturvasta huolehtimista loppuk\u00e4ytt\u00e4jille. N\u00e4in&hellip;\" \/>\n<meta property=\"og:url\" content=\"https:\/\/www.itpoint.fi\/suojaposti\/palvelut\/saapuvien-postien-turvaaminen\/\" \/>\n<meta property=\"og:site_name\" content=\"Suojaposti\" \/>\n<meta property=\"article:modified_time\" content=\"2018-11-09T10:34:59+00:00\" \/>\n<meta property=\"og:image\" content=\"https:\/\/www.itpoint.fi\/suojaposti\/wp-content\/uploads\/sites\/2\/2018\/11\/suojaposti-palvelukuvaus-v02.jpg\" \/>\n\t<meta property=\"og:image:width\" content=\"1920\" \/>\n\t<meta property=\"og:image:height\" content=\"1280\" \/>\n\t<meta property=\"og:image:type\" content=\"image\/jpeg\" \/>\n<meta name=\"twitter:card\" content=\"summary_large_image\" \/>\n<meta name=\"twitter:label1\" content=\"Arvioitu lukuaika\" \/>\n\t<meta name=\"twitter:data1\" content=\"1 minuutti\" \/>\n<script type=\"application\/ld+json\" class=\"yoast-schema-graph\">{\"@context\":\"https:\\\/\\\/schema.org\",\"@graph\":[{\"@type\":\"WebPage\",\"@id\":\"https:\\\/\\\/www.itpoint.fi\\\/suojaposti\\\/palvelut\\\/saapuvien-postien-turvaaminen\\\/\",\"url\":\"https:\\\/\\\/www.itpoint.fi\\\/suojaposti\\\/palvelut\\\/saapuvien-postien-turvaaminen\\\/\",\"name\":\"Saapuvien postien turvaaminen - Suojaposti\",\"isPartOf\":{\"@id\":\"https:\\\/\\\/www.itpoint.fi\\\/suojaposti\\\/#website\"},\"primaryImageOfPage\":{\"@id\":\"https:\\\/\\\/www.itpoint.fi\\\/suojaposti\\\/palvelut\\\/saapuvien-postien-turvaaminen\\\/#primaryimage\"},\"image\":{\"@id\":\"https:\\\/\\\/www.itpoint.fi\\\/suojaposti\\\/palvelut\\\/saapuvien-postien-turvaaminen\\\/#primaryimage\"},\"thumbnailUrl\":\"https:\\\/\\\/www.itpoint.fi\\\/suojaposti\\\/wp-content\\\/uploads\\\/sites\\\/2\\\/2018\\\/11\\\/suojaposti-palvelukuvaus-v02.jpg\",\"datePublished\":\"2018-01-13T10:10:33+00:00\",\"dateModified\":\"2018-11-09T10:34:59+00:00\",\"breadcrumb\":{\"@id\":\"https:\\\/\\\/www.itpoint.fi\\\/suojaposti\\\/palvelut\\\/saapuvien-postien-turvaaminen\\\/#breadcrumb\"},\"inLanguage\":\"fi\",\"potentialAction\":[{\"@type\":\"ReadAction\",\"target\":[\"https:\\\/\\\/www.itpoint.fi\\\/suojaposti\\\/palvelut\\\/saapuvien-postien-turvaaminen\\\/\"]}]},{\"@type\":\"ImageObject\",\"inLanguage\":\"fi\",\"@id\":\"https:\\\/\\\/www.itpoint.fi\\\/suojaposti\\\/palvelut\\\/saapuvien-postien-turvaaminen\\\/#primaryimage\",\"url\":\"https:\\\/\\\/www.itpoint.fi\\\/suojaposti\\\/wp-content\\\/uploads\\\/sites\\\/2\\\/2018\\\/11\\\/suojaposti-palvelukuvaus-v02.jpg\",\"contentUrl\":\"https:\\\/\\\/www.itpoint.fi\\\/suojaposti\\\/wp-content\\\/uploads\\\/sites\\\/2\\\/2018\\\/11\\\/suojaposti-palvelukuvaus-v02.jpg\",\"width\":1920,\"height\":1280},{\"@type\":\"BreadcrumbList\",\"@id\":\"https:\\\/\\\/www.itpoint.fi\\\/suojaposti\\\/palvelut\\\/saapuvien-postien-turvaaminen\\\/#breadcrumb\",\"itemListElement\":[{\"@type\":\"ListItem\",\"position\":1,\"name\":\"Home\",\"item\":\"https:\\\/\\\/www.itpoint.fi\\\/suojaposti\\\/\"},{\"@type\":\"ListItem\",\"position\":2,\"name\":\"Palvelut\",\"item\":\"https:\\\/\\\/www.itpoint.fi\\\/suojaposti\\\/palvelut\\\/\"},{\"@type\":\"ListItem\",\"position\":3,\"name\":\"Saapuvien postien turvaaminen\"}]},{\"@type\":\"WebSite\",\"@id\":\"https:\\\/\\\/www.itpoint.fi\\\/suojaposti\\\/#website\",\"url\":\"https:\\\/\\\/www.itpoint.fi\\\/suojaposti\\\/\",\"name\":\"Suojaposti\",\"description\":\"Suojaa s\u00e4hk\u00f6postisi turvallisesti\",\"potentialAction\":[{\"@type\":\"SearchAction\",\"target\":{\"@type\":\"EntryPoint\",\"urlTemplate\":\"https:\\\/\\\/www.itpoint.fi\\\/suojaposti\\\/?s={search_term_string}\"},\"query-input\":{\"@type\":\"PropertyValueSpecification\",\"valueRequired\":true,\"valueName\":\"search_term_string\"}}],\"inLanguage\":\"fi\"}]}<\/script>\n<!-- \/ Yoast SEO plugin. -->","yoast_head_json":{"title":"Saapuvien postien turvaaminen - Suojaposti","robots":{"index":"index","follow":"follow","max-snippet":"max-snippet:-1","max-image-preview":"max-image-preview:large","max-video-preview":"max-video-preview:-1"},"canonical":"https:\/\/www.itpoint.fi\/suojaposti\/palvelut\/saapuvien-postien-turvaaminen\/","og_locale":"fi_FI","og_type":"article","og_title":"Saapuvien postien turvaaminen - Suojaposti","og_description":"Suojaposti nimens\u00e4 muikaisesti suojaa yrityst\u00e4 ja sen toimihenkil\u00f6it\u00e4 verkkorikollisuudelta. Palvelun avulla varmistat oikean s\u00e4hk\u00f6postiliikenteen kulkemisen ja torjut haitta- ja hy\u00f6kk\u00e4ys ohjelmat sek\u00e4 roskapostit. N\u00e4ist\u00e4 palautuu virheilmoitus takaisin kyseisen postin oikealle l\u00e4hett\u00e4j\u00e4lle. Suojaposti suojaa yrityst\u00e4 my\u00f6s kybertunkeutumiselta. Nosta tietoturvatasoa helposti Useiden tutkimusten mukaan juuri loppuk\u00e4ytt\u00e4j\u00e4 on tietoturvaketjun heikoin lenkki. Suojaposti ei siirr\u00e4 tietoturvasta huolehtimista loppuk\u00e4ytt\u00e4jille. N\u00e4in&hellip;","og_url":"https:\/\/www.itpoint.fi\/suojaposti\/palvelut\/saapuvien-postien-turvaaminen\/","og_site_name":"Suojaposti","article_modified_time":"2018-11-09T10:34:59+00:00","og_image":[{"width":1920,"height":1280,"url":"https:\/\/www.itpoint.fi\/suojaposti\/wp-content\/uploads\/sites\/2\/2018\/11\/suojaposti-palvelukuvaus-v02.jpg","type":"image\/jpeg"}],"twitter_card":"summary_large_image","twitter_misc":{"Arvioitu lukuaika":"1 minuutti"},"schema":{"@context":"https:\/\/schema.org","@graph":[{"@type":"WebPage","@id":"https:\/\/www.itpoint.fi\/suojaposti\/palvelut\/saapuvien-postien-turvaaminen\/","url":"https:\/\/www.itpoint.fi\/suojaposti\/palvelut\/saapuvien-postien-turvaaminen\/","name":"Saapuvien postien turvaaminen - Suojaposti","isPartOf":{"@id":"https:\/\/www.itpoint.fi\/suojaposti\/#website"},"primaryImageOfPage":{"@id":"https:\/\/www.itpoint.fi\/suojaposti\/palvelut\/saapuvien-postien-turvaaminen\/#primaryimage"},"image":{"@id":"https:\/\/www.itpoint.fi\/suojaposti\/palvelut\/saapuvien-postien-turvaaminen\/#primaryimage"},"thumbnailUrl":"https:\/\/www.itpoint.fi\/suojaposti\/wp-content\/uploads\/sites\/2\/2018\/11\/suojaposti-palvelukuvaus-v02.jpg","datePublished":"2018-01-13T10:10:33+00:00","dateModified":"2018-11-09T10:34:59+00:00","breadcrumb":{"@id":"https:\/\/www.itpoint.fi\/suojaposti\/palvelut\/saapuvien-postien-turvaaminen\/#breadcrumb"},"inLanguage":"fi","potentialAction":[{"@type":"ReadAction","target":["https:\/\/www.itpoint.fi\/suojaposti\/palvelut\/saapuvien-postien-turvaaminen\/"]}]},{"@type":"ImageObject","inLanguage":"fi","@id":"https:\/\/www.itpoint.fi\/suojaposti\/palvelut\/saapuvien-postien-turvaaminen\/#primaryimage","url":"https:\/\/www.itpoint.fi\/suojaposti\/wp-content\/uploads\/sites\/2\/2018\/11\/suojaposti-palvelukuvaus-v02.jpg","contentUrl":"https:\/\/www.itpoint.fi\/suojaposti\/wp-content\/uploads\/sites\/2\/2018\/11\/suojaposti-palvelukuvaus-v02.jpg","width":1920,"height":1280},{"@type":"BreadcrumbList","@id":"https:\/\/www.itpoint.fi\/suojaposti\/palvelut\/saapuvien-postien-turvaaminen\/#breadcrumb","itemListElement":[{"@type":"ListItem","position":1,"name":"Home","item":"https:\/\/www.itpoint.fi\/suojaposti\/"},{"@type":"ListItem","position":2,"name":"Palvelut","item":"https:\/\/www.itpoint.fi\/suojaposti\/palvelut\/"},{"@type":"ListItem","position":3,"name":"Saapuvien postien turvaaminen"}]},{"@type":"WebSite","@id":"https:\/\/www.itpoint.fi\/suojaposti\/#website","url":"https:\/\/www.itpoint.fi\/suojaposti\/","name":"Suojaposti","description":"Suojaa s\u00e4hk\u00f6postisi turvallisesti","potentialAction":[{"@type":"SearchAction","target":{"@type":"EntryPoint","urlTemplate":"https:\/\/www.itpoint.fi\/suojaposti\/?s={search_term_string}"},"query-input":{"@type":"PropertyValueSpecification","valueRequired":true,"valueName":"search_term_string"}}],"inLanguage":"fi"}]}},"_links":{"self":[{"href":"https:\/\/www.itpoint.fi\/suojaposti\/wp-json\/wp\/v2\/pages\/14","targetHints":{"allow":["GET"]}}],"collection":[{"href":"https:\/\/www.itpoint.fi\/suojaposti\/wp-json\/wp\/v2\/pages"}],"about":[{"href":"https:\/\/www.itpoint.fi\/suojaposti\/wp-json\/wp\/v2\/types\/page"}],"author":[{"embeddable":true,"href":"https:\/\/www.itpoint.fi\/suojaposti\/wp-json\/wp\/v2\/users\/3"}],"replies":[{"embeddable":true,"href":"https:\/\/www.itpoint.fi\/suojaposti\/wp-json\/wp\/v2\/comments?post=14"}],"version-history":[{"count":1,"href":"https:\/\/www.itpoint.fi\/suojaposti\/wp-json\/wp\/v2\/pages\/14\/revisions"}],"predecessor-version":[{"id":235,"href":"https:\/\/www.itpoint.fi\/suojaposti\/wp-json\/wp\/v2\/pages\/14\/revisions\/235"}],"up":[{"embeddable":true,"href":"https:\/\/www.itpoint.fi\/suojaposti\/wp-json\/wp\/v2\/pages\/8"}],"wp:featuredmedia":[{"embeddable":true,"href":"https:\/\/www.itpoint.fi\/suojaposti\/wp-json\/wp\/v2\/media\/226"}],"wp:attachment":[{"href":"https:\/\/www.itpoint.fi\/suojaposti\/wp-json\/wp\/v2\/media?parent=14"}],"curies":[{"name":"wp","href":"https:\/\/api.w.org\/{rel}","templated":true}]}}