{"id":220,"date":"2018-03-01T17:15:33","date_gmt":"2018-03-01T15:15:33","guid":{"rendered":"http:\/\/suojaposti.bettadigital.com\/?page_id=220"},"modified":"2018-11-09T12:34:30","modified_gmt":"2018-11-09T10:34:30","slug":"suojapostin-lahettaminen","status":"publish","type":"page","link":"https:\/\/www.itpoint.fi\/suojaposti\/palvelut\/suojapostin-lahettaminen\/","title":{"rendered":"Suojapostin l\u00e4hett\u00e4minen"},"content":{"rendered":"<p>S\u00e4hk\u00f6postiviestit ovat l\u00e4ht\u00f6kohtaisesti turvattomia. Viestit ovat kenen tahansa luettavissa, sill\u00e4 monesti TLS-yhteytt\u00e4 ei voida taata kaikissa olosuhteissa.<\/p>\n<h3>Mihin Suojapostin l\u00e4hetyst\u00e4 voi k\u00e4ytt\u00e4\u00e4?<\/h3>\n<ul>\n<li>Viestien ja liitetiedostojen turvalliseen l\u00e4hett\u00e4miseen (mm. sopimukset ja tarjoukset)<\/li>\n<li>Salassa pidett\u00e4vien viestien toimitukseen (mm. tilitiedot ja salasanat)<\/li>\n<li>Suojaamaan s\u00e4hk\u00f6postiviestit omaan\/yrityksesi s\u00e4hk\u00f6postiosoitteeseen<\/li>\n<\/ul>\n<h3>Suojaposti on helppo k\u00e4ytt\u00e4\u00e4<\/h3>\n<p>Suojaposti toimii useimpien yleisesti k\u00e4ytettyjen s\u00e4hk\u00f6postij\u00e4rjestelmien kanssa eik\u00e4 vaadi lis\u00e4asennuksia, sill\u00e4 se hy\u00f6dynt\u00e4\u00e4 jo k\u00e4yt\u00f6ss\u00e4 olevaa s\u00e4hk\u00f6postij\u00e4rjestelm\u00e4\u00e4. Viestin avaaminen ei vaadi vastaanottajalta rekister\u00f6itymisi\u00e4 tai erillisi\u00e4 asennuksia. Lis\u00e4ksi Suojaposti on yhteensopiva mobiililaitteiden kanssa.<\/p>\n","protected":false},"excerpt":{"rendered":"<p>S\u00e4hk\u00f6postiviestit ovat l\u00e4ht\u00f6kohtaisesti turvattomia. Viestit ovat kenen tahansa luettavissa, sill\u00e4 monesti TLS-yhteytt\u00e4 ei voida taata kaikissa olosuhteissa. Mihin Suojapostin l\u00e4hetyst\u00e4 voi k\u00e4ytt\u00e4\u00e4? Viestien ja liitetiedostojen turvalliseen l\u00e4hett\u00e4miseen (mm. sopimukset ja tarjoukset) Salassa pidett\u00e4vien viestien toimitukseen (mm. tilitiedot ja salasanat) Suojaamaan s\u00e4hk\u00f6postiviestit omaan\/yrityksesi s\u00e4hk\u00f6postiosoitteeseen Suojaposti on helppo k\u00e4ytt\u00e4\u00e4 Suojaposti toimii useimpien yleisesti k\u00e4ytettyjen s\u00e4hk\u00f6postij\u00e4rjestelmien kanssa eik\u00e4&hellip;<\/p>\n","protected":false},"author":3,"featured_media":226,"parent":8,"menu_order":0,"comment_status":"closed","ping_status":"closed","template":"","meta":{"_acf_changed":false,"footnotes":""},"class_list":["post-220","page","type-page","status-publish","has-post-thumbnail","hentry"],"acf":[],"yoast_head":"<!-- This site is optimized with the Yoast SEO plugin v27.4 - https:\/\/yoast.com\/product\/yoast-seo-wordpress\/ -->\n<title>Suojapostin l\u00e4hett\u00e4minen - Suojaposti<\/title>\n<meta name=\"robots\" content=\"index, follow, max-snippet:-1, max-image-preview:large, max-video-preview:-1\" \/>\n<link rel=\"canonical\" href=\"https:\/\/www.itpoint.fi\/suojaposti\/palvelut\/suojapostin-lahettaminen\/\" \/>\n<meta property=\"og:locale\" content=\"fi_FI\" \/>\n<meta property=\"og:type\" content=\"article\" \/>\n<meta property=\"og:title\" content=\"Suojapostin l\u00e4hett\u00e4minen - Suojaposti\" \/>\n<meta property=\"og:description\" content=\"S\u00e4hk\u00f6postiviestit ovat l\u00e4ht\u00f6kohtaisesti turvattomia. Viestit ovat kenen tahansa luettavissa, sill\u00e4 monesti TLS-yhteytt\u00e4 ei voida taata kaikissa olosuhteissa. Mihin Suojapostin l\u00e4hetyst\u00e4 voi k\u00e4ytt\u00e4\u00e4? Viestien ja liitetiedostojen turvalliseen l\u00e4hett\u00e4miseen (mm. sopimukset ja tarjoukset) Salassa pidett\u00e4vien viestien toimitukseen (mm. tilitiedot ja salasanat) Suojaamaan s\u00e4hk\u00f6postiviestit omaan\/yrityksesi s\u00e4hk\u00f6postiosoitteeseen Suojaposti on helppo k\u00e4ytt\u00e4\u00e4 Suojaposti toimii useimpien yleisesti k\u00e4ytettyjen s\u00e4hk\u00f6postij\u00e4rjestelmien kanssa eik\u00e4&hellip;\" \/>\n<meta property=\"og:url\" content=\"https:\/\/www.itpoint.fi\/suojaposti\/palvelut\/suojapostin-lahettaminen\/\" \/>\n<meta property=\"og:site_name\" content=\"Suojaposti\" \/>\n<meta property=\"article:modified_time\" content=\"2018-11-09T10:34:30+00:00\" \/>\n<meta property=\"og:image\" content=\"https:\/\/www.itpoint.fi\/suojaposti\/wp-content\/uploads\/sites\/2\/2018\/11\/suojaposti-palvelukuvaus-v02.jpg\" \/>\n\t<meta property=\"og:image:width\" content=\"1920\" \/>\n\t<meta property=\"og:image:height\" content=\"1280\" \/>\n\t<meta property=\"og:image:type\" content=\"image\/jpeg\" \/>\n<meta name=\"twitter:card\" content=\"summary_large_image\" \/>\n<meta name=\"twitter:label1\" content=\"Arvioitu lukuaika\" \/>\n\t<meta name=\"twitter:data1\" content=\"1 minuutti\" \/>\n<script type=\"application\/ld+json\" class=\"yoast-schema-graph\">{\"@context\":\"https:\\\/\\\/schema.org\",\"@graph\":[{\"@type\":\"WebPage\",\"@id\":\"https:\\\/\\\/www.itpoint.fi\\\/suojaposti\\\/palvelut\\\/suojapostin-lahettaminen\\\/\",\"url\":\"https:\\\/\\\/www.itpoint.fi\\\/suojaposti\\\/palvelut\\\/suojapostin-lahettaminen\\\/\",\"name\":\"Suojapostin l\u00e4hett\u00e4minen - Suojaposti\",\"isPartOf\":{\"@id\":\"https:\\\/\\\/www.itpoint.fi\\\/suojaposti\\\/#website\"},\"primaryImageOfPage\":{\"@id\":\"https:\\\/\\\/www.itpoint.fi\\\/suojaposti\\\/palvelut\\\/suojapostin-lahettaminen\\\/#primaryimage\"},\"image\":{\"@id\":\"https:\\\/\\\/www.itpoint.fi\\\/suojaposti\\\/palvelut\\\/suojapostin-lahettaminen\\\/#primaryimage\"},\"thumbnailUrl\":\"https:\\\/\\\/www.itpoint.fi\\\/suojaposti\\\/wp-content\\\/uploads\\\/sites\\\/2\\\/2018\\\/11\\\/suojaposti-palvelukuvaus-v02.jpg\",\"datePublished\":\"2018-03-01T15:15:33+00:00\",\"dateModified\":\"2018-11-09T10:34:30+00:00\",\"breadcrumb\":{\"@id\":\"https:\\\/\\\/www.itpoint.fi\\\/suojaposti\\\/palvelut\\\/suojapostin-lahettaminen\\\/#breadcrumb\"},\"inLanguage\":\"fi\",\"potentialAction\":[{\"@type\":\"ReadAction\",\"target\":[\"https:\\\/\\\/www.itpoint.fi\\\/suojaposti\\\/palvelut\\\/suojapostin-lahettaminen\\\/\"]}]},{\"@type\":\"ImageObject\",\"inLanguage\":\"fi\",\"@id\":\"https:\\\/\\\/www.itpoint.fi\\\/suojaposti\\\/palvelut\\\/suojapostin-lahettaminen\\\/#primaryimage\",\"url\":\"https:\\\/\\\/www.itpoint.fi\\\/suojaposti\\\/wp-content\\\/uploads\\\/sites\\\/2\\\/2018\\\/11\\\/suojaposti-palvelukuvaus-v02.jpg\",\"contentUrl\":\"https:\\\/\\\/www.itpoint.fi\\\/suojaposti\\\/wp-content\\\/uploads\\\/sites\\\/2\\\/2018\\\/11\\\/suojaposti-palvelukuvaus-v02.jpg\",\"width\":1920,\"height\":1280},{\"@type\":\"BreadcrumbList\",\"@id\":\"https:\\\/\\\/www.itpoint.fi\\\/suojaposti\\\/palvelut\\\/suojapostin-lahettaminen\\\/#breadcrumb\",\"itemListElement\":[{\"@type\":\"ListItem\",\"position\":1,\"name\":\"Home\",\"item\":\"https:\\\/\\\/www.itpoint.fi\\\/suojaposti\\\/\"},{\"@type\":\"ListItem\",\"position\":2,\"name\":\"Palvelut\",\"item\":\"https:\\\/\\\/www.itpoint.fi\\\/suojaposti\\\/palvelut\\\/\"},{\"@type\":\"ListItem\",\"position\":3,\"name\":\"Suojapostin l\u00e4hett\u00e4minen\"}]},{\"@type\":\"WebSite\",\"@id\":\"https:\\\/\\\/www.itpoint.fi\\\/suojaposti\\\/#website\",\"url\":\"https:\\\/\\\/www.itpoint.fi\\\/suojaposti\\\/\",\"name\":\"Suojaposti\",\"description\":\"Suojaa s\u00e4hk\u00f6postisi turvallisesti\",\"potentialAction\":[{\"@type\":\"SearchAction\",\"target\":{\"@type\":\"EntryPoint\",\"urlTemplate\":\"https:\\\/\\\/www.itpoint.fi\\\/suojaposti\\\/?s={search_term_string}\"},\"query-input\":{\"@type\":\"PropertyValueSpecification\",\"valueRequired\":true,\"valueName\":\"search_term_string\"}}],\"inLanguage\":\"fi\"}]}<\/script>\n<!-- \/ Yoast SEO plugin. -->","yoast_head_json":{"title":"Suojapostin l\u00e4hett\u00e4minen - Suojaposti","robots":{"index":"index","follow":"follow","max-snippet":"max-snippet:-1","max-image-preview":"max-image-preview:large","max-video-preview":"max-video-preview:-1"},"canonical":"https:\/\/www.itpoint.fi\/suojaposti\/palvelut\/suojapostin-lahettaminen\/","og_locale":"fi_FI","og_type":"article","og_title":"Suojapostin l\u00e4hett\u00e4minen - Suojaposti","og_description":"S\u00e4hk\u00f6postiviestit ovat l\u00e4ht\u00f6kohtaisesti turvattomia. Viestit ovat kenen tahansa luettavissa, sill\u00e4 monesti TLS-yhteytt\u00e4 ei voida taata kaikissa olosuhteissa. Mihin Suojapostin l\u00e4hetyst\u00e4 voi k\u00e4ytt\u00e4\u00e4? Viestien ja liitetiedostojen turvalliseen l\u00e4hett\u00e4miseen (mm. sopimukset ja tarjoukset) Salassa pidett\u00e4vien viestien toimitukseen (mm. tilitiedot ja salasanat) Suojaamaan s\u00e4hk\u00f6postiviestit omaan\/yrityksesi s\u00e4hk\u00f6postiosoitteeseen Suojaposti on helppo k\u00e4ytt\u00e4\u00e4 Suojaposti toimii useimpien yleisesti k\u00e4ytettyjen s\u00e4hk\u00f6postij\u00e4rjestelmien kanssa eik\u00e4&hellip;","og_url":"https:\/\/www.itpoint.fi\/suojaposti\/palvelut\/suojapostin-lahettaminen\/","og_site_name":"Suojaposti","article_modified_time":"2018-11-09T10:34:30+00:00","og_image":[{"width":1920,"height":1280,"url":"https:\/\/www.itpoint.fi\/suojaposti\/wp-content\/uploads\/sites\/2\/2018\/11\/suojaposti-palvelukuvaus-v02.jpg","type":"image\/jpeg"}],"twitter_card":"summary_large_image","twitter_misc":{"Arvioitu lukuaika":"1 minuutti"},"schema":{"@context":"https:\/\/schema.org","@graph":[{"@type":"WebPage","@id":"https:\/\/www.itpoint.fi\/suojaposti\/palvelut\/suojapostin-lahettaminen\/","url":"https:\/\/www.itpoint.fi\/suojaposti\/palvelut\/suojapostin-lahettaminen\/","name":"Suojapostin l\u00e4hett\u00e4minen - Suojaposti","isPartOf":{"@id":"https:\/\/www.itpoint.fi\/suojaposti\/#website"},"primaryImageOfPage":{"@id":"https:\/\/www.itpoint.fi\/suojaposti\/palvelut\/suojapostin-lahettaminen\/#primaryimage"},"image":{"@id":"https:\/\/www.itpoint.fi\/suojaposti\/palvelut\/suojapostin-lahettaminen\/#primaryimage"},"thumbnailUrl":"https:\/\/www.itpoint.fi\/suojaposti\/wp-content\/uploads\/sites\/2\/2018\/11\/suojaposti-palvelukuvaus-v02.jpg","datePublished":"2018-03-01T15:15:33+00:00","dateModified":"2018-11-09T10:34:30+00:00","breadcrumb":{"@id":"https:\/\/www.itpoint.fi\/suojaposti\/palvelut\/suojapostin-lahettaminen\/#breadcrumb"},"inLanguage":"fi","potentialAction":[{"@type":"ReadAction","target":["https:\/\/www.itpoint.fi\/suojaposti\/palvelut\/suojapostin-lahettaminen\/"]}]},{"@type":"ImageObject","inLanguage":"fi","@id":"https:\/\/www.itpoint.fi\/suojaposti\/palvelut\/suojapostin-lahettaminen\/#primaryimage","url":"https:\/\/www.itpoint.fi\/suojaposti\/wp-content\/uploads\/sites\/2\/2018\/11\/suojaposti-palvelukuvaus-v02.jpg","contentUrl":"https:\/\/www.itpoint.fi\/suojaposti\/wp-content\/uploads\/sites\/2\/2018\/11\/suojaposti-palvelukuvaus-v02.jpg","width":1920,"height":1280},{"@type":"BreadcrumbList","@id":"https:\/\/www.itpoint.fi\/suojaposti\/palvelut\/suojapostin-lahettaminen\/#breadcrumb","itemListElement":[{"@type":"ListItem","position":1,"name":"Home","item":"https:\/\/www.itpoint.fi\/suojaposti\/"},{"@type":"ListItem","position":2,"name":"Palvelut","item":"https:\/\/www.itpoint.fi\/suojaposti\/palvelut\/"},{"@type":"ListItem","position":3,"name":"Suojapostin l\u00e4hett\u00e4minen"}]},{"@type":"WebSite","@id":"https:\/\/www.itpoint.fi\/suojaposti\/#website","url":"https:\/\/www.itpoint.fi\/suojaposti\/","name":"Suojaposti","description":"Suojaa s\u00e4hk\u00f6postisi turvallisesti","potentialAction":[{"@type":"SearchAction","target":{"@type":"EntryPoint","urlTemplate":"https:\/\/www.itpoint.fi\/suojaposti\/?s={search_term_string}"},"query-input":{"@type":"PropertyValueSpecification","valueRequired":true,"valueName":"search_term_string"}}],"inLanguage":"fi"}]}},"_links":{"self":[{"href":"https:\/\/www.itpoint.fi\/suojaposti\/wp-json\/wp\/v2\/pages\/220","targetHints":{"allow":["GET"]}}],"collection":[{"href":"https:\/\/www.itpoint.fi\/suojaposti\/wp-json\/wp\/v2\/pages"}],"about":[{"href":"https:\/\/www.itpoint.fi\/suojaposti\/wp-json\/wp\/v2\/types\/page"}],"author":[{"embeddable":true,"href":"https:\/\/www.itpoint.fi\/suojaposti\/wp-json\/wp\/v2\/users\/3"}],"replies":[{"embeddable":true,"href":"https:\/\/www.itpoint.fi\/suojaposti\/wp-json\/wp\/v2\/comments?post=220"}],"version-history":[{"count":1,"href":"https:\/\/www.itpoint.fi\/suojaposti\/wp-json\/wp\/v2\/pages\/220\/revisions"}],"predecessor-version":[{"id":234,"href":"https:\/\/www.itpoint.fi\/suojaposti\/wp-json\/wp\/v2\/pages\/220\/revisions\/234"}],"up":[{"embeddable":true,"href":"https:\/\/www.itpoint.fi\/suojaposti\/wp-json\/wp\/v2\/pages\/8"}],"wp:featuredmedia":[{"embeddable":true,"href":"https:\/\/www.itpoint.fi\/suojaposti\/wp-json\/wp\/v2\/media\/226"}],"wp:attachment":[{"href":"https:\/\/www.itpoint.fi\/suojaposti\/wp-json\/wp\/v2\/media?parent=220"}],"curies":[{"name":"wp","href":"https:\/\/api.w.org\/{rel}","templated":true}]}}